{"id":10,"date":"2022-03-17T18:54:12","date_gmt":"2022-03-17T18:54:12","guid":{"rendered":"https:\/\/atend.com.ar\/?page_id=10"},"modified":"2022-07-12T13:33:06","modified_gmt":"2022-07-12T13:33:06","slug":"montaje-industrial","status":"publish","type":"page","link":"https:\/\/atend.com.ar\/index.php\/montaje-industrial\/","title":{"rendered":"MONTAJE INDUSTRIAL"},"content":{"rendered":"\n<div class=\"wp-block-buttons is-layout-flex wp-block-buttons-is-layout-flex\">\n<div class=\"wp-block-button\"><a class=\"wp-block-button__link\" href=\"https:\/\/atend.com.ar\/index.php\/2022\/03\/21\/proyectos\/\">PROYECTOS<\/a><\/div>\n\n\n\n<div class=\"wp-block-button\"><a class=\"wp-block-button__link\" href=\"https:\/\/atend.com.ar\/index.php\/2022\/03\/21\/construccion-y-montaje\/\">CONSTRUCCI\u00d3N Y MONTAJE<\/a><\/div>\n\n\n\n<div class=\"wp-block-button\"><a class=\"wp-block-button__link\" href=\"https:\/\/atend.com.ar\/index.php\/2022\/03\/21\/asesoramiento-integral\/\">ASESORAMIENTO<\/a><\/div>\n\n\n\n<div class=\"wp-block-button\"><a class=\"wp-block-button__link\" href=\"https:\/\/atend.com.ar\/index.php\/2022\/03\/21\/direccion-de-obra\/\">DIRECCI\u00d3N DE OBRA<\/a><\/div>\n\n\n\n<div class=\"wp-block-button\"><a class=\"wp-block-button__link\" href=\"https:\/\/atend.com.ar\/index.php\/2022\/03\/21\/expertise\/\">EXPERTISE<\/a><\/div>\n<\/div>\n\n\n\n<p><\/p>\n\n\n\n<ul class=\"wp-block-list\"><li>Atend SRL es una empresa Argentina&nbsp; dedicada a la construcci\u00f3n y montaje industrial, avalados con 30 a\u00f1os de experiencia desde la supervisi\u00f3n y control de calidad con&nbsp; Ensayos no destructivos.<\/li><\/ul>\n\n\n\n<ul class=\"wp-block-list\"><li>Desde el a\u00f1o 2.015 &nbsp; hemos ejecutados proyectos de montaje de Calderas, Ciclos combinados, Pipping, Tanques&nbsp; y reparaciones para la industria -Petrolera, Termoelectrica, Papelera, Ingenios Azucareros&nbsp; y Gasoductos entre otros.&nbsp;<\/li><\/ul>\n\n\n\n<figure class=\"wp-block-video\"><video controls src=\"https:\/\/atend.com.ar\/wp-content\/uploads\/2022\/07\/VIDEO-MONTAJE-INDUSTRIAL.mp4\"><\/video><figcaption>Montaje Industrial<\/figcaption><\/figure>\n","protected":false},"excerpt":{"rendered":"<p>Atend SRL es una empresa Argentina&nbsp; dedicada a la construcci\u00f3n y montaje industrial, avalados con 30 a\u00f1os de experiencia desde la supervisi\u00f3n y control de calidad con&nbsp; Ensayos no destructivos. Desde el a\u00f1o 2.015 &nbsp; hemos ejecutados proyectos de montaje de Calderas, Ciclos combinados, Pipping, Tanques&nbsp; y reparaciones para la industria -Petrolera, Termoelectrica, Papelera, Ingenios Azucareros&nbsp; y Gasoductos entre otros.&nbsp;<\/p>\n","protected":false},"author":1,"featured_media":0,"parent":0,"menu_order":0,"comment_status":"closed","ping_status":"closed","template":"","meta":{"footnotes":""},"class_list":["post-10","page","type-page","status-publish","hentry"],"_links":{"self":[{"href":"https:\/\/atend.com.ar\/index.php\/wp-json\/wp\/v2\/pages\/10","targetHints":{"allow":["GET"]}}],"collection":[{"href":"https:\/\/atend.com.ar\/index.php\/wp-json\/wp\/v2\/pages"}],"about":[{"href":"https:\/\/atend.com.ar\/index.php\/wp-json\/wp\/v2\/types\/page"}],"author":[{"embeddable":true,"href":"https:\/\/atend.com.ar\/index.php\/wp-json\/wp\/v2\/users\/1"}],"replies":[{"embeddable":true,"href":"https:\/\/atend.com.ar\/index.php\/wp-json\/wp\/v2\/comments?post=10"}],"version-history":[{"count":9,"href":"https:\/\/atend.com.ar\/index.php\/wp-json\/wp\/v2\/pages\/10\/revisions"}],"predecessor-version":[{"id":506,"href":"https:\/\/atend.com.ar\/index.php\/wp-json\/wp\/v2\/pages\/10\/revisions\/506"}],"wp:attachment":[{"href":"https:\/\/atend.com.ar\/index.php\/wp-json\/wp\/v2\/media?parent=10"}],"curies":[{"name":"wp","href":"https:\/\/api.w.org\/{rel}","templated":true}]}}