{"id":11,"date":"2022-03-17T18:54:12","date_gmt":"2022-03-17T18:54:12","guid":{"rendered":"https:\/\/atend.com.ar\/?page_id=11"},"modified":"2022-07-12T12:29:48","modified_gmt":"2022-07-12T12:29:48","slug":"ensayos-no-destructivos","status":"publish","type":"page","link":"https:\/\/atend.com.ar\/index.php\/ensayos-no-destructivos\/","title":{"rendered":"ENSAYOS NO DESTRUCTIVOS"},"content":{"rendered":"\n<div class=\"wp-block-group\"><div class=\"wp-block-group__inner-container is-layout-flow wp-block-group-is-layout-flow\">\n<div class=\"wp-block-columns is-layout-flex wp-container-core-columns-is-layout-1 wp-block-columns-is-layout-flex\">\n<div class=\"wp-block-column is-layout-flow wp-block-column-is-layout-flow\" style=\"flex-basis:100%\">\n<div class=\"wp-block-group\"><div class=\"wp-block-group__inner-container is-layout-flow wp-block-group-is-layout-flow\">\n<div class=\"wp-block-buttons is-layout-flex wp-block-buttons-is-layout-flex\">\n<div class=\"wp-block-button\"><a class=\"wp-block-button__link\" href=\"https:\/\/atend.com.ar\/index.php\/2022\/03\/17\/hola-mundo\/\">INSPECCI\u00d3N VISUAL<\/a><\/div>\n\n\n\n<div class=\"wp-block-button\"><a class=\"wp-block-button__link\" href=\"https:\/\/atend.com.ar\/index.php\/2022\/03\/18\/particulas-magneticas\/\">PART\u00cdCULAS MAGN\u00c9TICAS<\/a><\/div>\n\n\n\n<div class=\"wp-block-button\"><a class=\"wp-block-button__link\" href=\"https:\/\/atend.com.ar\/index.php\/2022\/03\/21\/analisis-de-fallas\/\">AN\u00c1LISIS DE FALLAS<\/a><\/div>\n\n\n\n<div class=\"wp-block-button\"><a class=\"wp-block-button__link\" href=\"https:\/\/atend.com.ar\/index.php\/2022\/03\/21\/metalografia\/\">METALOGRAF\u00cdA<\/a><\/div>\n\n\n\n<div class=\"wp-block-button\"><a class=\"wp-block-button__link\" href=\"https:\/\/atend.com.ar\/index.php\/2022\/03\/21\/camara-de-vacio\/\">C\u00c1MARA DE VAC\u00cdO<\/a><\/div>\n\n\n\n<div class=\"wp-block-button\"><a class=\"wp-block-button__link\" href=\"https:\/\/atend.com.ar\/index.php\/2022\/03\/21\/radiografia\/\">RADIOGRAF\u00cdA<\/a><\/div>\n\n\n\n<div class=\"wp-block-button\"><a class=\"wp-block-button__link\" href=\"https:\/\/atend.com.ar\/index.php\/2022\/03\/21\/ultrasonido\/\">ULTRASONIDO<\/a><\/div>\n<\/div>\n<\/div><\/div>\n\n\n\n<div class=\"wp-block-buttons is-layout-flex wp-block-buttons-is-layout-flex\">\n<div class=\"wp-block-button\"><a class=\"wp-block-button__link\" href=\"https:\/\/atend.com.ar\/index.php\/2022\/03\/21\/expertise\/\">EXPERTISE<\/a><\/div>\n<\/div>\n<\/div>\n<\/div>\n<\/div><\/div>\n\n\n\n<figure class=\"wp-block-gallery alignwide has-nested-images columns-default is-cropped wp-block-gallery-1 is-layout-flex wp-block-gallery-is-layout-flex\">\n<figure class=\"wp-block-image size-large\"><a href=\"https:\/\/atend.com.ar\/index.php\/2022\/03\/17\/hola-mundo\/\"><img loading=\"lazy\" decoding=\"async\" width=\"1024\" height=\"768\" data-id=\"270\" src=\"https:\/\/atend.com.ar\/wp-content\/uploads\/2022\/05\/WhatsApp-Image-2022-04-07-at-13.14.29-1024x768.jpeg\" alt=\"\" class=\"wp-image-270\" srcset=\"https:\/\/atend.com.ar\/wp-content\/uploads\/2022\/05\/WhatsApp-Image-2022-04-07-at-13.14.29-1024x768.jpeg 1024w, https:\/\/atend.com.ar\/wp-content\/uploads\/2022\/05\/WhatsApp-Image-2022-04-07-at-13.14.29-300x225.jpeg 300w, https:\/\/atend.com.ar\/wp-content\/uploads\/2022\/05\/WhatsApp-Image-2022-04-07-at-13.14.29-768x576.jpeg 768w, https:\/\/atend.com.ar\/wp-content\/uploads\/2022\/05\/WhatsApp-Image-2022-04-07-at-13.14.29-1536x1153.jpeg 1536w, https:\/\/atend.com.ar\/wp-content\/uploads\/2022\/05\/WhatsApp-Image-2022-04-07-at-13.14.29-1140x856.jpeg 1140w, https:\/\/atend.com.ar\/wp-content\/uploads\/2022\/05\/WhatsApp-Image-2022-04-07-at-13.14.29.jpeg 1599w\" sizes=\"auto, (max-width: 1024px) 100vw, 1024px\" \/><\/a><\/figure>\n\n\n\n<figure class=\"wp-block-image size-large\"><a href=\"https:\/\/atend.com.ar\/index.php\/2022\/03\/18\/particulas-magneticas\/\"><img loading=\"lazy\" decoding=\"async\" width=\"2560\" height=\"1920\" data-id=\"271\" src=\"https:\/\/atend.com.ar\/wp-content\/uploads\/2022\/05\/F4T2.-scaled.jpg\" alt=\"\" class=\"wp-image-271\" srcset=\"https:\/\/atend.com.ar\/wp-content\/uploads\/2022\/05\/F4T2.-scaled.jpg 2560w, https:\/\/atend.com.ar\/wp-content\/uploads\/2022\/05\/F4T2.-300x225.jpg 300w, https:\/\/atend.com.ar\/wp-content\/uploads\/2022\/05\/F4T2.-1024x768.jpg 1024w, https:\/\/atend.com.ar\/wp-content\/uploads\/2022\/05\/F4T2.-768x576.jpg 768w, https:\/\/atend.com.ar\/wp-content\/uploads\/2022\/05\/F4T2.-1536x1152.jpg 1536w, https:\/\/atend.com.ar\/wp-content\/uploads\/2022\/05\/F4T2.-2048x1536.jpg 2048w, https:\/\/atend.com.ar\/wp-content\/uploads\/2022\/05\/F4T2.-1140x855.jpg 1140w\" sizes=\"auto, (max-width: 2560px) 100vw, 2560px\" \/><\/a><\/figure>\n\n\n\n<figure class=\"wp-block-image size-full\"><a href=\"https:\/\/atend.com.ar\/index.php\/2022\/03\/21\/inspeccion-de-tanques\/\"><img loading=\"lazy\" decoding=\"async\" width=\"800\" height=\"554\" data-id=\"272\" src=\"https:\/\/atend.com.ar\/wp-content\/uploads\/2022\/05\/42.jpg\" alt=\"\" class=\"wp-image-272\" srcset=\"https:\/\/atend.com.ar\/wp-content\/uploads\/2022\/05\/42.jpg 800w, https:\/\/atend.com.ar\/wp-content\/uploads\/2022\/05\/42-300x208.jpg 300w, https:\/\/atend.com.ar\/wp-content\/uploads\/2022\/05\/42-768x532.jpg 768w\" sizes=\"auto, (max-width: 800px) 100vw, 800px\" \/><\/a><\/figure>\n\n\n\n<figure class=\"wp-block-image size-full\"><a href=\"https:\/\/atend.com.ar\/index.php\/2022\/03\/21\/inspeccion-de-calderas\/\"><img loading=\"lazy\" decoding=\"async\" width=\"453\" height=\"241\" data-id=\"273\" src=\"https:\/\/atend.com.ar\/wp-content\/uploads\/2022\/05\/DOMO-ME.jpg\" alt=\"\" class=\"wp-image-273\" srcset=\"https:\/\/atend.com.ar\/wp-content\/uploads\/2022\/05\/DOMO-ME.jpg 453w, https:\/\/atend.com.ar\/wp-content\/uploads\/2022\/05\/DOMO-ME-300x160.jpg 300w\" sizes=\"auto, (max-width: 453px) 100vw, 453px\" \/><\/a><\/figure>\n\n\n\n<figure class=\"wp-block-image size-full\"><a href=\"https:\/\/atend.com.ar\/index.php\/2022\/03\/21\/analisis-de-fallas\/\"><img loading=\"lazy\" decoding=\"async\" width=\"176\" height=\"145\" data-id=\"276\" src=\"https:\/\/atend.com.ar\/wp-content\/uploads\/2022\/05\/ANALISIS-DE-FALLA-1-e1654033131282.jpg\" alt=\"\" class=\"wp-image-276\"\/><\/a><\/figure>\n\n\n\n<figure class=\"wp-block-image size-full\"><a href=\"https:\/\/atend.com.ar\/index.php\/2022\/03\/21\/metalografia\/\"><img loading=\"lazy\" decoding=\"async\" width=\"980\" height=\"686\" data-id=\"278\" src=\"https:\/\/atend.com.ar\/wp-content\/uploads\/2022\/05\/REPLICA.jpg\" alt=\"\" class=\"wp-image-278\" srcset=\"https:\/\/atend.com.ar\/wp-content\/uploads\/2022\/05\/REPLICA.jpg 980w, https:\/\/atend.com.ar\/wp-content\/uploads\/2022\/05\/REPLICA-300x210.jpg 300w, https:\/\/atend.com.ar\/wp-content\/uploads\/2022\/05\/REPLICA-768x538.jpg 768w\" sizes=\"auto, (max-width: 980px) 100vw, 980px\" \/><\/a><\/figure>\n\n\n\n<figure class=\"wp-block-image size-full\"><a href=\"https:\/\/atend.com.ar\/index.php\/2022\/03\/21\/camara-de-vacio\/\"><img loading=\"lazy\" decoding=\"async\" width=\"500\" height=\"394\" data-id=\"291\" src=\"https:\/\/atend.com.ar\/wp-content\/uploads\/2022\/05\/CAMARA-VACIO2-1.jpg\" alt=\"\" class=\"wp-image-291\" srcset=\"https:\/\/atend.com.ar\/wp-content\/uploads\/2022\/05\/CAMARA-VACIO2-1.jpg 500w, https:\/\/atend.com.ar\/wp-content\/uploads\/2022\/05\/CAMARA-VACIO2-1-300x236.jpg 300w\" sizes=\"auto, (max-width: 500px) 100vw, 500px\" \/><\/a><\/figure>\n\n\n\n<figure class=\"wp-block-image size-large\"><a href=\"https:\/\/atend.com.ar\/index.php\/2022\/03\/21\/radiografia\/\"><img loading=\"lazy\" decoding=\"async\" width=\"1024\" height=\"900\" data-id=\"289\" src=\"https:\/\/atend.com.ar\/wp-content\/uploads\/2022\/05\/PLACA-A-Copy1-1024x900.jpg\" alt=\"\" class=\"wp-image-289\" srcset=\"https:\/\/atend.com.ar\/wp-content\/uploads\/2022\/05\/PLACA-A-Copy1-1024x900.jpg 1024w, https:\/\/atend.com.ar\/wp-content\/uploads\/2022\/05\/PLACA-A-Copy1-300x264.jpg 300w, https:\/\/atend.com.ar\/wp-content\/uploads\/2022\/05\/PLACA-A-Copy1-768x675.jpg 768w, https:\/\/atend.com.ar\/wp-content\/uploads\/2022\/05\/PLACA-A-Copy1-1536x1350.jpg 1536w, https:\/\/atend.com.ar\/wp-content\/uploads\/2022\/05\/PLACA-A-Copy1-1140x1002.jpg 1140w, https:\/\/atend.com.ar\/wp-content\/uploads\/2022\/05\/PLACA-A-Copy1.jpg 1789w\" sizes=\"auto, (max-width: 1024px) 100vw, 1024px\" \/><\/a><\/figure>\n\n\n\n<figure class=\"wp-block-image size-large\"><a href=\"https:\/\/atend.com.ar\/index.php\/2022\/03\/21\/ultrasonido\/\"><img loading=\"lazy\" decoding=\"async\" width=\"1024\" height=\"714\" data-id=\"284\" src=\"https:\/\/atend.com.ar\/wp-content\/uploads\/2022\/05\/WhatsApp-Image-2019-05-25-at-21.25.15-1-rotated-e1654033458373-1024x714.jpeg\" alt=\"\" class=\"wp-image-284\" srcset=\"https:\/\/atend.com.ar\/wp-content\/uploads\/2022\/05\/WhatsApp-Image-2019-05-25-at-21.25.15-1-rotated-e1654033458373-1024x714.jpeg 1024w, https:\/\/atend.com.ar\/wp-content\/uploads\/2022\/05\/WhatsApp-Image-2019-05-25-at-21.25.15-1-rotated-e1654033458373-300x209.jpeg 300w, https:\/\/atend.com.ar\/wp-content\/uploads\/2022\/05\/WhatsApp-Image-2019-05-25-at-21.25.15-1-rotated-e1654033458373-768x535.jpeg 768w, https:\/\/atend.com.ar\/wp-content\/uploads\/2022\/05\/WhatsApp-Image-2019-05-25-at-21.25.15-1-rotated-e1654033458373-1140x794.jpeg 1140w, https:\/\/atend.com.ar\/wp-content\/uploads\/2022\/05\/WhatsApp-Image-2019-05-25-at-21.25.15-1-rotated-e1654033458373.jpeg 1280w\" sizes=\"auto, (max-width: 1024px) 100vw, 1024px\" \/><\/a><\/figure>\n<\/figure>\n\n\n\n<p><\/p>\n\n\n\n<p class=\"has-black-color has-text-color\" style=\"font-size:26px\"><strong>ATEND es una empresa Argentina <\/strong><\/p>\n\n\n\n<p class=\"has-black-color has-text-color\" style=\"font-size:22px\"><strong>Dedicada a proveer servicios de Ensayos No Destructivos (END) de alta calidad. <\/strong><\/p>\n\n\n\n<p><\/p>\n\n\n\n<p>Brindamos servicios y asesoramiento t\u00e9cnico a la industria Petroqu\u00edmica, Celul\u00f3sica, Metal-mec\u00e1nica, Sider\u00fargica y de Energ\u00eda, entre otras.&nbsp;<\/p>\n\n\n\n<p>Para ello contamos con equipos de ensayos de la m\u00e1s alta confiabilidad y versatilidad del mercado; y con t\u00e9cnicos, cient\u00edficos e Ingenieros altamente capacitados y certificados ( IRAM CNEA, ASNT, T\u00dcV y&nbsp; ASME) en las diferentes t\u00e9cnicas de END e Inspecci\u00f3n, para acercar a nuestros clientes la mejor soluci\u00f3n disponible a sus problemas.<\/p>\n\n\n\n<figure class=\"wp-block-gallery has-nested-images columns-default is-cropped wp-block-gallery-2 is-layout-flex wp-block-gallery-is-layout-flex\">\n<figure class=\"wp-block-image size-large\"><img loading=\"lazy\" decoding=\"async\" width=\"1024\" height=\"771\" data-id=\"185\" src=\"https:\/\/atend.com.ar\/wp-content\/uploads\/2022\/03\/REFINERIA1-1024x771.jpg\" alt=\"\" class=\"wp-image-185\" srcset=\"https:\/\/atend.com.ar\/wp-content\/uploads\/2022\/03\/REFINERIA1-1024x771.jpg 1024w, https:\/\/atend.com.ar\/wp-content\/uploads\/2022\/03\/REFINERIA1-300x226.jpg 300w, https:\/\/atend.com.ar\/wp-content\/uploads\/2022\/03\/REFINERIA1-768x578.jpg 768w, https:\/\/atend.com.ar\/wp-content\/uploads\/2022\/03\/REFINERIA1.jpg 1063w\" sizes=\"auto, (max-width: 1024px) 100vw, 1024px\" \/><\/figure>\n\n\n\n<figure class=\"wp-block-image size-large\"><img loading=\"lazy\" decoding=\"async\" width=\"975\" height=\"795\" data-id=\"184\" src=\"https:\/\/atend.com.ar\/wp-content\/uploads\/2022\/03\/REFINERIA2.jpg\" alt=\"\" class=\"wp-image-184\" srcset=\"https:\/\/atend.com.ar\/wp-content\/uploads\/2022\/03\/REFINERIA2.jpg 975w, https:\/\/atend.com.ar\/wp-content\/uploads\/2022\/03\/REFINERIA2-300x245.jpg 300w, https:\/\/atend.com.ar\/wp-content\/uploads\/2022\/03\/REFINERIA2-768x626.jpg 768w\" sizes=\"auto, (max-width: 975px) 100vw, 975px\" \/><\/figure>\n\n\n\n<figure class=\"wp-block-image size-large\"><img loading=\"lazy\" decoding=\"async\" width=\"1024\" height=\"760\" data-id=\"186\" src=\"https:\/\/atend.com.ar\/wp-content\/uploads\/2022\/03\/REFINERIA3-1024x760.jpg\" alt=\"\" class=\"wp-image-186\" srcset=\"https:\/\/atend.com.ar\/wp-content\/uploads\/2022\/03\/REFINERIA3-1024x760.jpg 1024w, https:\/\/atend.com.ar\/wp-content\/uploads\/2022\/03\/REFINERIA3-300x223.jpg 300w, https:\/\/atend.com.ar\/wp-content\/uploads\/2022\/03\/REFINERIA3-768x570.jpg 768w, https:\/\/atend.com.ar\/wp-content\/uploads\/2022\/03\/REFINERIA3.jpg 1075w\" sizes=\"auto, (max-width: 1024px) 100vw, 1024px\" \/><\/figure>\n<figcaption class=\"blocks-gallery-caption\">REFINER\u00cdAS<\/figcaption><\/figure>\n\n\n\n<p><strong>SERVICIOS:<\/strong><\/p>\n\n\n\n<p>\u2022 Asesoramiento T\u00e9cnico en END.<\/p>\n\n\n\n<ul class=\"wp-block-list\"><li>&nbsp;Desarrollo de programas de inspecci\u00f3n.<\/li><li>&nbsp;Ensayos No Destructivos: Ultrasonido, Radiograf\u00eda gamma, Part\u00edculas Magn\u00e9ticas, Liqu\u00eddos Penetrantes, Videoscop\u00eda, C\u00e1mara de Vac\u00edo, Metalograf\u00eda, An\u00e1lisis de Falla.<\/li><li>&nbsp;&nbsp;Procedimientos de END y soldaduras, certificados por nivel 3.<\/li><\/ul>\n\n\n\n<p>\u2022 Servicio integral de Inspecci\u00f3n de calderas, tanques y plantas petroqu\u00edmicas.<\/p>\n\n\n\n<figure class=\"wp-block-gallery has-nested-images columns-default is-cropped wp-block-gallery-3 is-layout-flex wp-block-gallery-is-layout-flex\">\n<figure class=\"wp-block-image size-large\"><img loading=\"lazy\" decoding=\"async\" width=\"1005\" height=\"737\" data-id=\"191\" src=\"https:\/\/atend.com.ar\/wp-content\/uploads\/2022\/03\/CENTRAL.jpg\" alt=\"\" class=\"wp-image-191\" srcset=\"https:\/\/atend.com.ar\/wp-content\/uploads\/2022\/03\/CENTRAL.jpg 1005w, https:\/\/atend.com.ar\/wp-content\/uploads\/2022\/03\/CENTRAL-300x220.jpg 300w, https:\/\/atend.com.ar\/wp-content\/uploads\/2022\/03\/CENTRAL-768x563.jpg 768w\" sizes=\"auto, (max-width: 1005px) 100vw, 1005px\" \/><\/figure>\n\n\n\n<figure class=\"wp-block-image size-large\"><img loading=\"lazy\" decoding=\"async\" width=\"1005\" height=\"737\" data-id=\"194\" src=\"https:\/\/atend.com.ar\/wp-content\/uploads\/2022\/03\/CENTRAL1.jpg\" alt=\"\" class=\"wp-image-194\" srcset=\"https:\/\/atend.com.ar\/wp-content\/uploads\/2022\/03\/CENTRAL1.jpg 1005w, https:\/\/atend.com.ar\/wp-content\/uploads\/2022\/03\/CENTRAL1-300x220.jpg 300w, https:\/\/atend.com.ar\/wp-content\/uploads\/2022\/03\/CENTRAL1-768x563.jpg 768w\" sizes=\"auto, (max-width: 1005px) 100vw, 1005px\" \/><\/figure>\n\n\n\n<figure class=\"wp-block-image size-large\"><img loading=\"lazy\" decoding=\"async\" width=\"1005\" height=\"737\" data-id=\"193\" src=\"https:\/\/atend.com.ar\/wp-content\/uploads\/2022\/03\/CENTRAL2.jpg\" alt=\"\" class=\"wp-image-193\" srcset=\"https:\/\/atend.com.ar\/wp-content\/uploads\/2022\/03\/CENTRAL2.jpg 1005w, https:\/\/atend.com.ar\/wp-content\/uploads\/2022\/03\/CENTRAL2-300x220.jpg 300w, https:\/\/atend.com.ar\/wp-content\/uploads\/2022\/03\/CENTRAL2-768x563.jpg 768w\" sizes=\"auto, (max-width: 1005px) 100vw, 1005px\" \/><\/figure>\n<figcaption class=\"blocks-gallery-caption\">CENTRALES T\u00c9RMICAS<\/figcaption><\/figure>\n","protected":false},"excerpt":{"rendered":"<p>ATEND es una empresa Argentina Dedicada a proveer servicios de Ensayos No Destructivos (END) de alta calidad. Brindamos servicios y asesoramiento t\u00e9cnico a la industria Petroqu\u00edmica, Celul\u00f3sica, Metal-mec\u00e1nica, Sider\u00fargica y de Energ\u00eda, entre otras.&nbsp; Para ello contamos con equipos de ensayos de la m\u00e1s alta confiabilidad y versatilidad del mercado; y con t\u00e9cnicos, cient\u00edficos e Ingenieros altamente capacitados y certificados ( IRAM CNEA, ASNT, T\u00dcV y&nbsp; ASME) en las diferentes t\u00e9cnicas de END e Inspecci\u00f3n, para acercar a nuestros clientes la mejor soluci\u00f3n disponible a sus problemas. SERVICIOS: \u2022 Asesoramiento T\u00e9cnico en END. &nbsp;Desarrollo de programas de inspecci\u00f3n. &nbsp;Ensayos No Destructivos: Ultrasonido, Radiograf\u00eda gamma, Part\u00edculas Magn\u00e9ticas, Liqu\u00eddos Penetrantes, Videoscop\u00eda, C\u00e1mara de Vac\u00edo, Metalograf\u00eda, An\u00e1lisis de Falla. &nbsp;&nbsp;Procedimientos de END y soldaduras, certificados por nivel 3. \u2022 Servicio integral de Inspecci\u00f3n de calderas, tanques y plantas petroqu\u00edmicas.<\/p>\n","protected":false},"author":1,"featured_media":0,"parent":0,"menu_order":0,"comment_status":"closed","ping_status":"closed","template":"","meta":{"footnotes":""},"class_list":["post-11","page","type-page","status-publish","hentry"],"_links":{"self":[{"href":"https:\/\/atend.com.ar\/index.php\/wp-json\/wp\/v2\/pages\/11","targetHints":{"allow":["GET"]}}],"collection":[{"href":"https:\/\/atend.com.ar\/index.php\/wp-json\/wp\/v2\/pages"}],"about":[{"href":"https:\/\/atend.com.ar\/index.php\/wp-json\/wp\/v2\/types\/page"}],"author":[{"embeddable":true,"href":"https:\/\/atend.com.ar\/index.php\/wp-json\/wp\/v2\/users\/1"}],"replies":[{"embeddable":true,"href":"https:\/\/atend.com.ar\/index.php\/wp-json\/wp\/v2\/comments?post=11"}],"version-history":[{"count":20,"href":"https:\/\/atend.com.ar\/index.php\/wp-json\/wp\/v2\/pages\/11\/revisions"}],"predecessor-version":[{"id":468,"href":"https:\/\/atend.com.ar\/index.php\/wp-json\/wp\/v2\/pages\/11\/revisions\/468"}],"wp:attachment":[{"href":"https:\/\/atend.com.ar\/index.php\/wp-json\/wp\/v2\/media?parent=11"}],"curies":[{"name":"wp","href":"https:\/\/api.w.org\/{rel}","templated":true}]}}