{"id":12,"date":"2022-03-17T18:54:12","date_gmt":"2022-03-17T18:54:12","guid":{"rendered":"https:\/\/atend.com.ar\/?page_id=12"},"modified":"2022-07-12T12:24:52","modified_gmt":"2022-07-12T12:24:52","slug":"tratamiento-termico","status":"publish","type":"page","link":"https:\/\/atend.com.ar\/index.php\/tratamiento-termico\/","title":{"rendered":"TRATAMIENTO T\u00c9RMICO"},"content":{"rendered":"\n<p><strong>SERVICIOS<\/strong><br>>PRECALENTAMIENTO DE SOLDADURAS<br>> TRATAMIENTO T\u00c9RMICO<br>> DESHIDROGENADO<br>> CURADO DE REFRACTARIO<br>> SECADO DE REFRACTARIO<br>> SECADO DE RECIPIENTES<br>> DILATADOS DE BUJES PARA INSERTOS<br>> DISMINUCI\u00d3N DE DUREZA EN SECTORES DE PIEZAS ALEADAS<br>> POST SOLDADURA<br>> ALIVIO DE TENSIONES<br>> SOLUBILIZACION DE INOXIDABLES<br>> PRECIPITADO DE CARBUROS<br>> PLANIFICACI\u00d3N y REALIZACI\u00d3N DE TRATAMIENTO T\u00c9RMICO DE ESFERAS CON QUEMADORES A<br>GAS<\/p>\n\n\n\n<p>Los\u00a0tratamientos t\u00e9rmicos del acero, metales o aleaciones\u00a0en estado s\u00f3lido son un<br>conjunto de operaciones de calentamiento y enfriamiento (bajo condiciones<br>controladas de temperatura, tiempo de permanencia, velocidad y presi\u00f3n).<br>El objetivo es el de mejorar sus propiedades mec\u00e1nicas, especialmente la dureza,<br>la tenacidad, la resistencia mec\u00e1nica y la elasticidad.<br>Los tratamientos t\u00e9rmicos dan como resultado aceros m\u00e1s homog\u00e9neos,<br>mecanizables, duros y resistentes, seg\u00fan el caso, adem\u00e1s de eliminar las<br>tensiones internas. En estructuras de acero sometidas a cargas de fatiga se<br>pueden aplicar tratamientos t\u00e9rmicos a las uniones soldadas con el fin de atenuar<br>las tensiones residuales.<br><\/p>\n\n\n\n<p><strong>EQUIPOS<\/strong><br>Utilizamos m\u00e1quinas de tratamiento t\u00e9rmico de dise\u00f1o y fabricaci\u00f3n propia, sistema de una<br>salida de potencia y una termocupla de control\u00a0 para cada una de las resistencias utilizadas<br>en cada proceso t\u00e9rmico.<br>Contamos con:<br><strong>MAQUINAS DE 25 KVA<\/strong><\/p>\n\n\n\n<p><\/p>\n\n\n\n<figure class=\"wp-block-gallery has-nested-images columns-default is-cropped wp-block-gallery-1 is-layout-flex wp-block-gallery-is-layout-flex\">\n<figure class=\"wp-block-image size-large\"><img loading=\"lazy\" decoding=\"async\" width=\"1024\" height=\"766\" data-id=\"312\" src=\"https:\/\/atend.com.ar\/wp-content\/uploads\/2022\/05\/MAQ.TRAT-TERMICO-1024x766.jpeg\" alt=\"\" class=\"wp-image-312\" srcset=\"https:\/\/atend.com.ar\/wp-content\/uploads\/2022\/05\/MAQ.TRAT-TERMICO-1024x766.jpeg 1024w, https:\/\/atend.com.ar\/wp-content\/uploads\/2022\/05\/MAQ.TRAT-TERMICO-300x224.jpeg 300w, https:\/\/atend.com.ar\/wp-content\/uploads\/2022\/05\/MAQ.TRAT-TERMICO-768x574.jpeg 768w, https:\/\/atend.com.ar\/wp-content\/uploads\/2022\/05\/MAQ.TRAT-TERMICO-1140x852.jpeg 1140w, https:\/\/atend.com.ar\/wp-content\/uploads\/2022\/05\/MAQ.TRAT-TERMICO.jpeg 1280w\" sizes=\"auto, (max-width: 1024px) 100vw, 1024px\" \/><\/figure>\n\n\n\n<figure class=\"wp-block-image size-large\"><img loading=\"lazy\" decoding=\"async\" width=\"1024\" height=\"766\" data-id=\"310\" src=\"https:\/\/atend.com.ar\/wp-content\/uploads\/2022\/05\/TRAT-TERMICO-1024x766.jpeg\" alt=\"\" class=\"wp-image-310\" srcset=\"https:\/\/atend.com.ar\/wp-content\/uploads\/2022\/05\/TRAT-TERMICO-1024x766.jpeg 1024w, https:\/\/atend.com.ar\/wp-content\/uploads\/2022\/05\/TRAT-TERMICO-300x224.jpeg 300w, https:\/\/atend.com.ar\/wp-content\/uploads\/2022\/05\/TRAT-TERMICO-768x574.jpeg 768w, https:\/\/atend.com.ar\/wp-content\/uploads\/2022\/05\/TRAT-TERMICO-1140x852.jpeg 1140w, https:\/\/atend.com.ar\/wp-content\/uploads\/2022\/05\/TRAT-TERMICO.jpeg 1280w\" sizes=\"auto, (max-width: 1024px) 100vw, 1024px\" \/><\/figure>\n\n\n\n<figure class=\"wp-block-image size-large\"><img loading=\"lazy\" decoding=\"async\" width=\"1024\" height=\"596\" data-id=\"314\" src=\"https:\/\/atend.com.ar\/wp-content\/uploads\/2022\/05\/TRAT.TERMICO-1024x596.jpeg\" alt=\"\" class=\"wp-image-314\" srcset=\"https:\/\/atend.com.ar\/wp-content\/uploads\/2022\/05\/TRAT.TERMICO-1024x596.jpeg 1024w, https:\/\/atend.com.ar\/wp-content\/uploads\/2022\/05\/TRAT.TERMICO-300x175.jpeg 300w, https:\/\/atend.com.ar\/wp-content\/uploads\/2022\/05\/TRAT.TERMICO-768x447.jpeg 768w, https:\/\/atend.com.ar\/wp-content\/uploads\/2022\/05\/TRAT.TERMICO.jpeg 1106w\" sizes=\"auto, (max-width: 1024px) 100vw, 1024px\" \/><\/figure>\n<\/figure>\n\n\n\n<p><\/p>\n\n\n\n<p><strong>MAQUINAS DE 100 KVA<\/strong><\/p>\n","protected":false},"excerpt":{"rendered":"<p>SERVICIOS>PRECALENTAMIENTO DE SOLDADURAS> TRATAMIENTO T\u00c9RMICO> DESHIDROGENADO> CURADO DE REFRACTARIO> SECADO DE REFRACTARIO> SECADO DE RECIPIENTES> DILATADOS DE BUJES PARA INSERTOS> DISMINUCI\u00d3N DE DUREZA EN SECTORES DE PIEZAS ALEADAS> POST SOLDADURA> ALIVIO DE TENSIONES> SOLUBILIZACION DE INOXIDABLES> PRECIPITADO DE CARBUROS> PLANIFICACI\u00d3N y REALIZACI\u00d3N DE TRATAMIENTO T\u00c9RMICO DE ESFERAS CON QUEMADORES AGAS Los\u00a0tratamientos t\u00e9rmicos del acero, metales o aleaciones\u00a0en estado s\u00f3lido son unconjunto de operaciones de calentamiento y enfriamiento (bajo condicionescontroladas de temperatura, tiempo de permanencia, velocidad y presi\u00f3n).El objetivo es el de mejorar sus propiedades mec\u00e1nicas, especialmente la dureza,la tenacidad, la resistencia mec\u00e1nica y la elasticidad.Los tratamientos t\u00e9rmicos dan como resultado aceros m\u00e1s homog\u00e9neos,mecanizables, duros y resistentes, seg\u00fan el caso, adem\u00e1s de eliminar lastensiones internas. En estructuras de acero sometidas a cargas de fatiga sepueden aplicar tratamientos t\u00e9rmicos a las uniones soldadas con el fin de atenuarlas tensiones residuales. EQUIPOSUtilizamos m\u00e1quinas de tratamiento t\u00e9rmico de dise\u00f1o y fabricaci\u00f3n propia, sistema de unasalida de potencia y una termocupla de control\u00a0 para cada una de las resistencias utilizadasen cada proceso t\u00e9rmico.Contamos con:MAQUINAS DE 25 KVA MAQUINAS DE 100 KVA<\/p>\n","protected":false},"author":1,"featured_media":0,"parent":0,"menu_order":0,"comment_status":"closed","ping_status":"closed","template":"","meta":{"footnotes":""},"class_list":["post-12","page","type-page","status-publish","hentry"],"_links":{"self":[{"href":"https:\/\/atend.com.ar\/index.php\/wp-json\/wp\/v2\/pages\/12","targetHints":{"allow":["GET"]}}],"collection":[{"href":"https:\/\/atend.com.ar\/index.php\/wp-json\/wp\/v2\/pages"}],"about":[{"href":"https:\/\/atend.com.ar\/index.php\/wp-json\/wp\/v2\/types\/page"}],"author":[{"embeddable":true,"href":"https:\/\/atend.com.ar\/index.php\/wp-json\/wp\/v2\/users\/1"}],"replies":[{"embeddable":true,"href":"https:\/\/atend.com.ar\/index.php\/wp-json\/wp\/v2\/comments?post=12"}],"version-history":[{"count":3,"href":"https:\/\/atend.com.ar\/index.php\/wp-json\/wp\/v2\/pages\/12\/revisions"}],"predecessor-version":[{"id":464,"href":"https:\/\/atend.com.ar\/index.php\/wp-json\/wp\/v2\/pages\/12\/revisions\/464"}],"wp:attachment":[{"href":"https:\/\/atend.com.ar\/index.php\/wp-json\/wp\/v2\/media?parent=12"}],"curies":[{"name":"wp","href":"https:\/\/api.w.org\/{rel}","templated":true}]}}