{"id":9,"date":"2022-03-17T18:54:12","date_gmt":"2022-03-17T18:54:12","guid":{"rendered":"https:\/\/atend.com.ar\/?page_id=9"},"modified":"2022-07-12T13:47:53","modified_gmt":"2022-07-12T13:47:53","slug":"la-empresa","status":"publish","type":"page","link":"https:\/\/atend.com.ar\/","title":{"rendered":"LA EMPRESA"},"content":{"rendered":"\n<div class=\"wp-block-columns alignfull is-layout-flex wp-container-core-columns-is-layout-2 wp-block-columns-is-layout-flex\">\n<div class=\"wp-block-column is-layout-flow wp-block-column-is-layout-flow\" style=\"flex-basis:50%\">\n<div class=\"wp-block-cover is-light\" style=\"min-height:600px;aspect-ratio:unset;\"><span aria-hidden=\"true\" class=\"wp-block-cover__background has-background-dim\" style=\"background-color:#f6f6f6\"><\/span><img loading=\"lazy\" decoding=\"async\" width=\"491\" height=\"739\" class=\"wp-block-cover__image-background wp-image-340\" alt=\"\" src=\"https:\/\/atend.com.ar\/wp-content\/uploads\/2022\/05\/CALDERA-RQ.jpg\" data-object-fit=\"cover\" srcset=\"https:\/\/atend.com.ar\/wp-content\/uploads\/2022\/05\/CALDERA-RQ.jpg 491w, https:\/\/atend.com.ar\/wp-content\/uploads\/2022\/05\/CALDERA-RQ-199x300.jpg 199w\" sizes=\"auto, (max-width: 491px) 100vw, 491px\" \/><div class=\"wp-block-cover__inner-container is-layout-flow wp-block-cover-is-layout-flow\">\n<p class=\"has-text-align-center has-large-font-size\">QUIENES SOMOS<\/p>\n<\/div><\/div>\n<\/div>\n\n\n\n<div class=\"wp-block-column is-vertically-aligned-center is-layout-flow wp-block-column-is-layout-flow\" style=\"padding-top:1em;padding-right:1em;padding-bottom:1em;padding-left:1em\">\n<div class=\"wp-block-columns is-layout-flex wp-container-core-columns-is-layout-1 wp-block-columns-is-layout-flex\">\n<div class=\"wp-block-column is-layout-flow wp-block-column-is-layout-flow\" style=\"flex-basis:320px\">\n<p>ATEND SRL es una empresa Argentina dedicada a proveer Servicios Integrales para la Industria.<br>Para ello contamos con equipos y herramientas de la m\u00e1s alta confiabilidad y versatilidad del mercado.<br>Nuestro Capital Humano se compone con t\u00e9cnicos, cient\u00edficos e Ingenieros altamente capacitados y certificados.<br>Brindamos Servicios de Control de Calidad mediante Ensayos no Destructivos, Servicios de Construcci\u00f3n mediante Montaje Industrial (Pre-fabricados y posterior montaje en obra); Asesoramiento T\u00e9cnico Integral y Direcci\u00f3n de obra. Todo ello orientados a las industrias Petr\u00f3qu\u00edmica, Celul\u00f3sica, Metal-Mec\u00e1nica, Sider\u00fargica y de Energ\u00eda entre otras.<br>M\u00e1s de 20 a\u00f1os en el mercado avalan nuestra experiencia, profesionalismo y calidad de trabajo.<\/p>\n<\/div>\n<\/div>\n<\/div>\n<\/div>\n\n\n\n<div class=\"wp-block-cover alignfull\" style=\"min-height:800px;aspect-ratio:unset;\"><span aria-hidden=\"true\" class=\"wp-block-cover__background has-background-dim-60 has-background-dim\"><\/span><img loading=\"lazy\" decoding=\"async\" width=\"2560\" height=\"1441\" class=\"wp-block-cover__image-background wp-image-341\" alt=\"\" src=\"https:\/\/atend.com.ar\/wp-content\/uploads\/2022\/05\/RIO-TURBIO1-scaled.jpg\" data-object-fit=\"cover\" srcset=\"https:\/\/atend.com.ar\/wp-content\/uploads\/2022\/05\/RIO-TURBIO1-scaled.jpg 2560w, https:\/\/atend.com.ar\/wp-content\/uploads\/2022\/05\/RIO-TURBIO1-300x169.jpg 300w, https:\/\/atend.com.ar\/wp-content\/uploads\/2022\/05\/RIO-TURBIO1-1024x576.jpg 1024w, https:\/\/atend.com.ar\/wp-content\/uploads\/2022\/05\/RIO-TURBIO1-768x432.jpg 768w, https:\/\/atend.com.ar\/wp-content\/uploads\/2022\/05\/RIO-TURBIO1-1536x865.jpg 1536w, https:\/\/atend.com.ar\/wp-content\/uploads\/2022\/05\/RIO-TURBIO1-2048x1153.jpg 2048w, https:\/\/atend.com.ar\/wp-content\/uploads\/2022\/05\/RIO-TURBIO1-1140x642.jpg 1140w\" sizes=\"auto, (max-width: 2560px) 100vw, 2560px\" \/><div class=\"wp-block-cover__inner-container is-layout-flow wp-block-cover-is-layout-flow\">\n<h2 class=\"alignwide has-text-color wp-block-heading\" style=\"color:#ffe074;font-size:64px\"><strong>SERVICIOS<\/strong><\/h2>\n\n\n\n<div class=\"wp-block-columns alignwide is-layout-flex wp-container-core-columns-is-layout-3 wp-block-columns-is-layout-flex\">\n<div class=\"wp-block-column is-layout-flow wp-block-column-is-layout-flow\" style=\"flex-basis:55%\">\n<div style=\"height:330px\" aria-hidden=\"true\" class=\"wp-block-spacer\"><\/div>\n<\/div>\n\n\n\n<div class=\"wp-block-column is-layout-flow wp-block-column-is-layout-flow\">\n<p>ENSAYOS NO DESTRUCTIVOS<br>Radiograf\u00eda Industrial (Gammagraf\u00eda)<br>Part\u00edculas Magnetizables<br>L\u00edquidos Penetrantes<br>Ultrasonido<br>Medici\u00f3n de espesores<br>Inspecci\u00f3n Visual<br>Videoscop\u00eda<br>C\u00e1mara de vac\u00edo<br>R\u00e9plicas Metalogr\u00e1ficas<br>Analisis de Falla<br>Medici\u00f3n de durezas<\/p>\n\n\n\n<p>MONTAJE INDUSTRIAL<br>Proyectos: Gesti\u00f3n y Desarrollo<br>Construcci\u00f3n y Montaje<br>Direcci\u00f3n de Obra<br>Aislaci\u00f3n T\u00e9rmica<br>Tamizados<br>Reparaci\u00f3n y Construcci\u00f3n de Tanques<br>Andamios<\/p>\n\n\n\n<p>TRATAMIENTO T\u00c9RMICO<\/p>\n<\/div>\n<\/div>\n<\/div><\/div>\n\n\n\n<p><\/p>\n\n\n\n<div class=\"wp-block-media-text alignwide is-stacked-on-mobile\"><figure class=\"wp-block-media-text__media\"><img loading=\"lazy\" decoding=\"async\" width=\"400\" height=\"275\" src=\"https:\/\/atend.com.ar\/wp-content\/uploads\/2022\/05\/soldador-2.jpg\" alt=\"\" class=\"wp-image-449 size-full\" srcset=\"https:\/\/atend.com.ar\/wp-content\/uploads\/2022\/05\/soldador-2.jpg 400w, https:\/\/atend.com.ar\/wp-content\/uploads\/2022\/05\/soldador-2-300x206.jpg 300w\" sizes=\"auto, (max-width: 400px) 100vw, 400px\" \/><\/figure><div class=\"wp-block-media-text__content\">\n<p class=\"has-large-font-size\"><strong>CONTACTO <\/strong><\/p>\n\n\n\n<p>+54 11 4470 5521<\/p>\n\n\n\n<p>+54 11 6047-3194<\/p>\n\n\n\n<p>info@atend.com.ar<\/p>\n\n\n\n<p><strong>LABORATORIO CENTRAL<\/strong><br>Lan\u00fas. Buenos Aires, Argentina.<\/p>\n\n\n\n<p>+54 11 6086 3719<\/p>\n\n\n\n<p><strong>FILIAL TUCUMAN<\/strong><br>Monteros. Tucuman, Argentina.<\/p>\n<\/div><\/div>\n\n\n\n<p><\/p>\n\n\n\n<p class=\"has-medium-font-size\"><strong>EMPRESAS QUE CONF\u00cdAN EN NUESTROS SERVICIOS<\/strong><\/p>\n\n\n\n<figure class=\"wp-block-gallery has-nested-images columns-default is-cropped wp-block-gallery-1 is-layout-flex wp-block-gallery-is-layout-flex\">\n<figure class=\"wp-block-image size-large\"><img loading=\"lazy\" decoding=\"async\" width=\"800\" height=\"800\" data-id=\"90\" src=\"https:\/\/atend.com.ar\/wp-content\/uploads\/2022\/03\/Fresa-ext-color-72dpi-1.jpg\" alt=\"\" class=\"wp-image-90\" srcset=\"https:\/\/atend.com.ar\/wp-content\/uploads\/2022\/03\/Fresa-ext-color-72dpi-1.jpg 800w, https:\/\/atend.com.ar\/wp-content\/uploads\/2022\/03\/Fresa-ext-color-72dpi-1-300x300.jpg 300w, https:\/\/atend.com.ar\/wp-content\/uploads\/2022\/03\/Fresa-ext-color-72dpi-1-150x150.jpg 150w, https:\/\/atend.com.ar\/wp-content\/uploads\/2022\/03\/Fresa-ext-color-72dpi-1-768x768.jpg 768w\" sizes=\"auto, (max-width: 800px) 100vw, 800px\" \/><\/figure>\n\n\n\n<figure class=\"wp-block-image size-large\"><img loading=\"lazy\" decoding=\"async\" width=\"800\" height=\"800\" data-id=\"91\" src=\"https:\/\/atend.com.ar\/wp-content\/uploads\/2022\/03\/GASNOR-1.jpg\" alt=\"\" class=\"wp-image-91\" srcset=\"https:\/\/atend.com.ar\/wp-content\/uploads\/2022\/03\/GASNOR-1.jpg 800w, https:\/\/atend.com.ar\/wp-content\/uploads\/2022\/03\/GASNOR-1-300x300.jpg 300w, https:\/\/atend.com.ar\/wp-content\/uploads\/2022\/03\/GASNOR-1-150x150.jpg 150w, https:\/\/atend.com.ar\/wp-content\/uploads\/2022\/03\/GASNOR-1-768x768.jpg 768w\" sizes=\"auto, (max-width: 800px) 100vw, 800px\" \/><\/figure>\n\n\n\n<figure class=\"wp-block-image size-large\"><img loading=\"lazy\" decoding=\"async\" width=\"800\" height=\"800\" data-id=\"92\" src=\"https:\/\/atend.com.ar\/wp-content\/uploads\/2022\/03\/logo-1.png\" alt=\"\" class=\"wp-image-92\" srcset=\"https:\/\/atend.com.ar\/wp-content\/uploads\/2022\/03\/logo-1.png 800w, https:\/\/atend.com.ar\/wp-content\/uploads\/2022\/03\/logo-1-300x300.png 300w, https:\/\/atend.com.ar\/wp-content\/uploads\/2022\/03\/logo-1-150x150.png 150w, https:\/\/atend.com.ar\/wp-content\/uploads\/2022\/03\/logo-1-768x768.png 768w\" sizes=\"auto, (max-width: 800px) 100vw, 800px\" \/><\/figure>\n\n\n\n<figure class=\"wp-block-image size-large\"><img loading=\"lazy\" decoding=\"async\" width=\"827\" height=\"826\" data-id=\"93\" src=\"https:\/\/atend.com.ar\/wp-content\/uploads\/2022\/03\/PAPELERA-1.jpg\" alt=\"\" class=\"wp-image-93\" srcset=\"https:\/\/atend.com.ar\/wp-content\/uploads\/2022\/03\/PAPELERA-1.jpg 827w, https:\/\/atend.com.ar\/wp-content\/uploads\/2022\/03\/PAPELERA-1-300x300.jpg 300w, https:\/\/atend.com.ar\/wp-content\/uploads\/2022\/03\/PAPELERA-1-150x150.jpg 150w, https:\/\/atend.com.ar\/wp-content\/uploads\/2022\/03\/PAPELERA-1-768x767.jpg 768w\" sizes=\"auto, (max-width: 827px) 100vw, 827px\" \/><\/figure>\n\n\n\n<figure class=\"wp-block-image size-large\"><img loading=\"lazy\" decoding=\"async\" width=\"800\" height=\"800\" data-id=\"94\" src=\"https:\/\/atend.com.ar\/wp-content\/uploads\/2022\/03\/SANTA-1.jpg\" alt=\"\" class=\"wp-image-94\" srcset=\"https:\/\/atend.com.ar\/wp-content\/uploads\/2022\/03\/SANTA-1.jpg 800w, https:\/\/atend.com.ar\/wp-content\/uploads\/2022\/03\/SANTA-1-300x300.jpg 300w, https:\/\/atend.com.ar\/wp-content\/uploads\/2022\/03\/SANTA-1-150x150.jpg 150w, https:\/\/atend.com.ar\/wp-content\/uploads\/2022\/03\/SANTA-1-768x768.jpg 768w\" sizes=\"auto, (max-width: 800px) 100vw, 800px\" \/><\/figure>\n\n\n\n<figure class=\"wp-block-image size-large\"><img loading=\"lazy\" decoding=\"async\" width=\"800\" height=\"800\" data-id=\"95\" src=\"https:\/\/atend.com.ar\/wp-content\/uploads\/2022\/03\/ARCOR.jpg\" alt=\"\" class=\"wp-image-95\" srcset=\"https:\/\/atend.com.ar\/wp-content\/uploads\/2022\/03\/ARCOR.jpg 800w, https:\/\/atend.com.ar\/wp-content\/uploads\/2022\/03\/ARCOR-300x300.jpg 300w, https:\/\/atend.com.ar\/wp-content\/uploads\/2022\/03\/ARCOR-150x150.jpg 150w, https:\/\/atend.com.ar\/wp-content\/uploads\/2022\/03\/ARCOR-768x768.jpg 768w\" sizes=\"auto, (max-width: 800px) 100vw, 800px\" \/><\/figure>\n<\/figure>\n","protected":false},"excerpt":{"rendered":"<p>ATEND SRL es una empresa Argentina dedicada a proveer Servicios Integrales para la Industria.Para ello contamos con equipos y herramientas de la m\u00e1s alta confiabilidad y versatilidad del mercado.Nuestro Capital Humano se compone con t\u00e9cnicos, cient\u00edficos e Ingenieros altamente capacitados y certificados.Brindamos Servicios de Control de Calidad mediante Ensayos no Destructivos, Servicios de Construcci\u00f3n mediante Montaje Industrial (Pre-fabricados y posterior montaje en obra); Asesoramiento T\u00e9cnico Integral y Direcci\u00f3n de obra. Todo ello orientados a las industrias Petr\u00f3qu\u00edmica, Celul\u00f3sica, Metal-Mec\u00e1nica, Sider\u00fargica y de Energ\u00eda entre otras.M\u00e1s de 20 a\u00f1os en el mercado avalan nuestra experiencia, profesionalismo y calidad de trabajo. CONTACTO +54 11 4470 5521 +54 11 6047-3194 info@atend.com.ar LABORATORIO CENTRALLan\u00fas. Buenos Aires, Argentina. +54 11 6086 3719 FILIAL TUCUMANMonteros. Tucuman, Argentina. EMPRESAS QUE CONF\u00cdAN EN NUESTROS SERVICIOS<\/p>\n","protected":false},"author":1,"featured_media":0,"parent":0,"menu_order":0,"comment_status":"closed","ping_status":"closed","template":"","meta":{"footnotes":""},"class_list":["post-9","page","type-page","status-publish","hentry"],"_links":{"self":[{"href":"https:\/\/atend.com.ar\/index.php\/wp-json\/wp\/v2\/pages\/9","targetHints":{"allow":["GET"]}}],"collection":[{"href":"https:\/\/atend.com.ar\/index.php\/wp-json\/wp\/v2\/pages"}],"about":[{"href":"https:\/\/atend.com.ar\/index.php\/wp-json\/wp\/v2\/types\/page"}],"author":[{"embeddable":true,"href":"https:\/\/atend.com.ar\/index.php\/wp-json\/wp\/v2\/users\/1"}],"replies":[{"embeddable":true,"href":"https:\/\/atend.com.ar\/index.php\/wp-json\/wp\/v2\/comments?post=9"}],"version-history":[{"count":12,"href":"https:\/\/atend.com.ar\/index.php\/wp-json\/wp\/v2\/pages\/9\/revisions"}],"predecessor-version":[{"id":512,"href":"https:\/\/atend.com.ar\/index.php\/wp-json\/wp\/v2\/pages\/9\/revisions\/512"}],"wp:attachment":[{"href":"https:\/\/atend.com.ar\/index.php\/wp-json\/wp\/v2\/media?parent=9"}],"curies":[{"name":"wp","href":"https:\/\/api.w.org\/{rel}","templated":true}]}}